{"id":5380,"date":"2023-09-04T09:53:34","date_gmt":"2023-09-04T09:53:34","guid":{"rendered":"http:\/\/don.ehlgbai.org\/don-ehlg\/"},"modified":"2025-10-27T09:35:05","modified_gmt":"2025-10-27T09:35:05","slug":"don-ehlg","status":"publish","type":"page","link":"https:\/\/don.ehlgbai.org\/es\/","title":{"rendered":"Don EHLG"},"content":{"rendered":"<p>[vc_row full_width=\u00bbstretch_row_content_no_spaces\u00bb css=\u00bb.vc_custom_1728656687730{background-image: url(http:\/\/don.ehlgbai.org\/wp-content\/uploads\/2024\/10\/EHLG.jpg?id=5790) !important;background-position: center !important;background-repeat: no-repeat !important;background-size: cover !important;}\u00bb][vc_column css=\u00bb.vc_custom_1693817439634{padding-top: 20px !important;padding-right: 20px !important;padding-bottom: 20px !important;padding-left: 20px !important;}\u00bb][vc_single_image image=\u00bb6128&#8243; img_size=\u00bbfull\u00bb alignment=\u00bbcenter\u00bb][\/vc_column][\/vc_row][vc_row content_placement=\u00bbtop\u00bb css=\u00bb.vc_custom_1693835647106{margin-top: 10px !important;}\u00bb][vc_column width=\u00bb1\/4&#8243; css=\u00bb.vc_custom_1693835667207{padding-right: 20px !important;padding-bottom: 20px !important;padding-left: 20px !important;}\u00bb]<h5 class=\"text-center-767 chi_1776703327 f35      chi_1776703326  \">\r\n\u00bfPOR QU\u00c9 DONAR A EHLG? <\/h5>\r\n[vc_separator color=\u00bbblack\u00bb align=\u00bbalign_left\u00bb border_width=\u00bb10&#8243; el_width=\u00bb20&#8243;][\/vc_column][vc_column width=\u00bb3\/4&#8243;][vc_column_text]<\/p>\n<p style=\"text-align: left\"><span style=\"font-size: 18px\">Euskal Herriko Laborantza Ganbara es un actor comprometido para el desarrollo de la agricultura campesina, respetuosa con los campesinos, los consumidores y la naturaleza. La agricultura campesina es la \u00fanica que sea atractiva para los j\u00f3venes. Solo ella puede hacer vivir nuestros territorios rurales. Al elegir donar a Euskal Herriko Laborantza Ganbara, apoyo la agricultura campesina en el Pa\u00eds Vasco Norte, que tiene como objetivos :<\/span><\/p>\n<p style=\"text-align: left\"><span style=\"font-size: 18px\">&#8211; producir una alimentaci\u00f3n sana y de calidad en los caser\u00edos repartidos en todo el territorio; <\/span><\/p>\n<p style=\"text-align: left\"><span style=\"font-size: 18px\">&#8211; permitir que muchos campesinos vivan correctamente de su trabajo ;<\/span><\/p>\n<p style=\"text-align: left\"><span style=\"font-size: 18px\">&#8211; preservar los recursos naturales del futuro y el cuadro de vida de las zonas rurales.<\/span><\/p>\n<p>[\/vc_column_text][\/vc_column][\/vc_row][vc_row full_width=\u00bbstretch_row_content\u00bb gap=\u00bb15&#8243; equal_height=\u00bbyes\u00bb content_placement=\u00bbtop\u00bb css=\u00bb.vc_custom_1693820989412{margin-top: 50px !important;margin-right: 200px !important;margin-bottom: 50px !important;margin-left: 200px !important;background-color: #ffffff !important;}\u00bb][vc_column width=\u00bb1\/6&#8243; css=\u00bb.vc_custom_1693821059700{padding-top: 20px !important;padding-right: 20px !important;padding-bottom: 20px !important;padding-left: 20px !important;}\u00bb][\/vc_column][vc_column width=\u00bb1\/2&#8243; css=\u00bb.vc_custom_1693835818216{margin-top: 37px !important;background-color: #f5f5f5 !important;}\u00bb]<h5 class=\"text-center-767 chi_1776703329 f35      chi_1776703328  \">\r\nSU DONACI\u00d3N SEGURA<\/h5>\r\n[vc_separator color=\u00bbblack\u00bb align=\u00bbalign_left\u00bb border_width=\u00bb6&#8243; el_width=\u00bb10&#8243;][vc_column_text]Para realizar un donativo, completa todos los campos en el siguiente formulario.[\/vc_column_text][vc_raw_html]JTVCY2hhcml0YWJsZV9kb25hdGlvbl9mb3JtJTIwQ2FtcGFpZ25faWQlM0QyODY4JTVE[\/vc_raw_html][\/vc_column][vc_column width=\u00bb1\/3&#8243;][vc_row_inner css=\u00bb.vc_custom_1693821134496{margin-right: 100px !important;margin-bottom: 20px !important;}\u00bb][vc_column_inner css=\u00bb.vc_custom_1693820737362{padding-top: 20px !important;padding-right: 20px !important;padding-bottom: 20px !important;padding-left: 20px !important;background-color: #f7f7f7 !important;}\u00bb]<div class=\"element-link  text-left\"><ul class=\"menu chi-menu-style-2 text-left\"><li><a href=\"http:\/\/ehlgbai.org\/wp-content\/uploads\/2016\/07\/EHLG-FLYER-IMP-Eu-Fr_compressed.pdf\" target =\"_blank\" class=\"block   \" >HACER UN DONATIVO POR CORREO<\/a><\/li><\/ul><\/div>[\/vc_column_inner][\/vc_row_inner][vc_row_inner css=\u00bb.vc_custom_1693821108905{margin-right: 100px !important;margin-bottom: 20px !important;}\u00bb][vc_column_inner css=\u00bb.vc_custom_1693820681115{padding-top: 20px !important;padding-right: 20px !important;padding-bottom: 20px !important;padding-left: 20px !important;background-color: #f7f7f7 !important;}\u00bb][vc_column_text css=\u00bb.vc_custom_1695820513867{padding-top: 20px !important;padding-right: 20px !important;padding-bottom: 20px !important;padding-left: 20px !important;}\u00bb]<b>\u00bfHas pensado en una donaci\u00f3n de eusko?<\/b><\/p>\n<p><span style=\"font-weight: 400\">Te ofrecemos una soluci\u00f3n online para pagar <\/span><span style=\"font-weight: 400\">\u00a0<\/span><span style=\"font-weight: 400\">tus donaciones en eusko. Simplemente siga los<\/span> <span style=\"font-weight: 400\">siguientes 6 pasos:<\/span><span style=\"font-weight: 400\"><br \/>\n<\/span><span style=\"font-weight: 400\">1. Inicia la sesi\u00f3n en tu cuenta de eusko online<\/span><span style=\"font-weight: 400\">\u00a0<\/span><span style=\"font-weight: 400\">en www.euskalmoneta.org con tu nombre de\u00a0<\/span><span style=\"font-weight: 400\">usuario y contrase\u00f1a.<br \/>\n<\/span>2. Una vez en tu cuenta en l\u00ednea, haz clic en la pesta\u00f1a \u00abMis transferencias\u00bb<br \/>\n3. Haz clic en \u201cGesti\u00f3n de beneficiarios\u201d, y luego en la casilla \u201cNuevo beneficiario\u201d<br \/>\n4. Ingresa el n\u00famero de cuenta EHLG [362 051 132]<br \/>\n<span style=\"font-weight: 400\">5. Haz clic en la pesta\u00f1a \u00abTransferencia \u00fanica\u00bb, <\/span><span style=\"font-weight: 400\">\u00a0<\/span><span style=\"font-weight: 400\">y completa los tres datos necesarios:<br \/>\n\u2013 En el <\/span><span style=\"font-weight: 400\">\u00a0<\/span><span style=\"font-weight: 400\">men\u00fa desplegable \u201cCuenta de beneficiario\u201d: <\/span><span style=\"font-weight: 400\">\u00a0<\/span><span style=\"font-weight: 400\">selecciona Euskal Herriko Laborantza Ganbara<\/span><br \/>\n<span style=\"font-weight: 400\">\u2013 Cuant\u00eda : define la cuant\u00eda de tu donaci\u00f3n<br \/>\n\u2013 <\/span><span style=\"font-weight: 400\">\u00a0<\/span><span style=\"font-weight: 400\">Descripci\u00f3n: indica tu nombre y apellido<br \/>\n<\/span><span style=\"font-weight: 400\">6. Validar ;<\/span><span style=\"font-weight: 400\">\u00a0<\/span><span style=\"font-weight: 400\">Tu pago ha sido realizado, \u00a1gracias!<\/span>[\/vc_column_text][\/vc_column_inner][\/vc_row_inner][vc_row_inner css=\u00bb.vc_custom_1693821134496{margin-right: 100px !important;margin-bottom: 20px !important;}\u00bb][vc_column_inner css=\u00bb.vc_custom_1693820737362{padding-top: 20px !important;padding-right: 20px !important;padding-bottom: 20px !important;padding-left: 20px !important;background-color: #f7f7f7 !important;}\u00bb][vc_column_text css=\u00bb.vc_custom_1695820543086{margin-top: 20px !important;margin-bottom: 20px !important;padding-top: 20px !important;padding-right: 20px !important;padding-bottom: 20px !important;padding-left: 20px !important;background-color: #f7f7f7 !important;}\u00bb]<b>Deducci\u00f3n fiscal<\/b><b>\u00a0<\/b><\/p>\n<p><span style=\"font-weight: 400\">Tu donativo a EHLG te da derecho a una <\/span><span style=\"font-weight: 400\">deducci\u00f3n de impuestos equivalente al 66% de<\/span> <span style=\"font-weight: 400\">la cuant\u00edun cdonativoua de la donaci\u00f3n, hasta <\/span><span style=\"font-weight: 400\">\u00a0<\/span><span style=\"font-weight: 400\">el 20% de su base imponible (ley de finanzas <\/span><span style=\"font-weight: 400\">\u00a0<\/span><span style=\"font-weight: 400\">francesa).<\/span>[\/vc_column_text][\/vc_column_inner][\/vc_row_inner][vc_row_inner css=\u00bb.vc_custom_1693821141982{margin-right: 100px !important;}\u00bb][vc_column_inner css=\u00bb.vc_custom_1693820771591{padding-top: 20px !important;padding-right: 20px !important;padding-bottom: 20px !important;padding-left: 20px !important;background-color: #f7f7f7 !important;}\u00bb][vc_column_text css=\u00bb.vc_custom_1695820705918{margin-bottom: 20px !important;padding-top: 20px !important;padding-right: 20px !important;padding-bottom: 20px !important;padding-left: 20px !important;background-color: #f7f7f7 !important;}\u00bb]<strong><b>Patrocinio empresarial<\/b><br \/>\n<\/strong><br \/>\n<span style=\"font-weight: 400\">El patrocinio empresarial da derecho a una <\/span><span style=\"font-weight: 400\">\u00a0<\/span><span style=\"font-weight: 400\">deducci\u00f3n fiscal del 60% del importe de la <\/span><span style=\"font-weight: 400\">\u00a0<\/span><span style=\"font-weight: 400\">donaci\u00f3n. Puede ser un donativo en dinero, <\/span><span style=\"font-weight: 400\">\u00a0<\/span><span style=\"font-weight: 400\">material o un servicio. Eres responsable de una<\/span> <span style=\"font-weight: 400\">empresa y quieres apoyar la agricultura <\/span><span style=\"font-weight: 400\">campesina en el Pa\u00eds Vasco norte?<\/span> <span style=\"font-weight: 400\">\u00a1Haz <\/span><a href=\"http:\/\/don.ehlgbai.org\/wp-content\/uploads\/2023\/09\/BON-DE-SOUTIEN-EHLG_Entreprsies_-2023_fr-1.pdf\" target=\"_blank\" rel=\"noopener noreferrer\">una \u00a0donaci\u00f3n<\/a> <span style=\"font-weight: 400\">o cont\u00e1ctanos al 05 59 37 18 82! <\/span><span style=\"font-weight: 400\">\u00a0<\/span><\/p>\n<p><span style=\"font-weight: 400\">Informaci\u00f3n completa<\/span> : <a href=\"https:\/\/www.service-public.fr\/professionnels-entreprises\/vosdroits\/F22263\" target=\"_blank\" rel=\"noopener noreferrer\">https:\/\/www.service-public.fr\/professionnels-entreprises\/vosdroits\/F22263<\/a><\/p>\n<p>[\/vc_column_text][\/vc_column_inner][\/vc_row_inner][\/vc_column][\/vc_row][vc_row full_width=\u00bbstretch_row_content_no_spaces\u00bb css=\u00bb.vc_custom_1693816971168{background-color: #f7f7f7 !important;}\u00bb][vc_column][vc_row_inner equal_height=\u00bbyes\u00bb gap=\u00bb20&#8243; css=\u00bb.vc_custom_1693838617818{margin-top: 40px !important;margin-right: 80px !important;margin-bottom: 40px !important;margin-left: 80px !important;}\u00bb][vc_column_inner width=\u00bb1\/3&#8243; css=\u00bb.vc_custom_1693817288604{padding-top: 20px !important;padding-right: 20px !important;padding-bottom: 20px !important;padding-left: 20px !important;background-color: #ffffff !important;}\u00bb]<h5 class=\"text-center-767 chi_1776703331 f18      chi_1776703330  \">\r\n\u00bfPara qu\u00e9 son las donativos? <\/h5>\r\n[vc_separator color=\u00bbblack\u00bb align=\u00bbalign_left\u00bb border_width=\u00bb5&#8243; el_width=\u00bb20&#8243;][vc_column_text]Tus donaciones son esenciales. Nos ayudan a llevar a cabo nuestras acciones para fomentar la agricultura campesina en el Pa\u00eds Vasco Norte. Se asignan a nuestras actividades como: la renovaci\u00f3n de las generaciones agr\u00edcolas, la agrosilvicultura, la agronom\u00eda, la monta\u00f1a y el pastoreo, etc.[\/vc_column_text][vc_single_image image=\u00bb5271&#8243; img_size=\u00bbfull\u00bb alignment=\u00bbcenter\u00bb][\/vc_column_inner][vc_column_inner width=\u00bb1\/3&#8243; css=\u00bb.vc_custom_1693838723288{padding-top: 20px !important;padding-right: 20px !important;padding-bottom: 20px !important;padding-left: 20px !important;background-color: #ffffff !important;}\u00bb]<h5 class=\"text-center-767 chi_1776703333 f18      chi_1776703332  \">\r\n\u00bfC\u00f3mo se reparten los donativos? <\/h5>\r\n[vc_separator color=\u00bbblack\u00bb align=\u00bbalign_left\u00bb border_width=\u00bb5&#8243; el_width=\u00bb20&#8243;][vc_round_chart type=\u00bbdoughnut\u00bb stroke_width=\u00bb2&#8243; values=\u00bb%5B%7B%22title%22%3A%22Agronom%C3%ADa%22%2C%22value%22%3A%2218%22%2C%22color%22%3A%22orange%22%7D%2C%7B%22title%22%3A%22Agroforester%C3%ADa%22%2C%22value%22%3A%2217%22%2C%22color%22%3A%22chino%22%7D%2C%7B%22title%22%3A%22Pastos%20de%20monta%C3%B1a%2C%20Pastoralismo%22%2C%22value%22%3A%2215%22%2C%22color%22%3A%22green%22%7D%2C%7B%22title%22%3A%22Relevo%20generacional%20agr%C3%ADcola%22%2C%22value%22%3A%2220%22%2C%22color%22%3A%22sky%22%7D%2C%7B%22title%22%3A%22Apoyo%20a%20colectivos%20campesinos%22%2C%22value%22%3A%2223%22%2C%22color%22%3A%22sandy-brown%22%7D%2C%7B%22title%22%3A%22Observatorio%20econ%C3%B3mico%22%2C%22value%22%3A%227%22%2C%22color%22%3A%22black%22%7D%5D\u00bb][\/vc_column_inner][vc_column_inner width=\u00bb1\/3&#8243; css=\u00bb.vc_custom_1693817579192{padding-top: 20px !important;padding-right: 20px !important;padding-bottom: 20px !important;padding-left: 20px !important;background-color: #ffffff !important;}\u00bb]<h5 class=\"text-center-767 chi_1776703335 f18      chi_1776703334  \">\r\nDescubre nuestros proyectos<\/h5>\r\n[vc_separator color=\u00bbblack\u00bb align=\u00bbalign_left\u00bb border_width=\u00bb5&#8243; el_width=\u00bb20&#8243;][vc_column_text css=\u00bb.vc_custom_1695820274013{margin-top: 30px !important;}\u00bb]<br \/>\n[\/vc_column_text][vc_video link=\u00bbhttps:\/\/youtu.be\/ad70-rED0kI\u00bb][vc_video link=\u00bbhttps:\/\/youtu.be\/-Rg0csCqjiY\u00bb][\/vc_column_inner][\/vc_row_inner][\/vc_column][\/vc_row]<\/p>\n","protected":false},"excerpt":{"rendered":"<p>[vc_row full_width=\u00bbstretch_row_content_no_spaces\u00bb css=\u00bb.vc_custom_1728656687730{background-image: url(http:\/\/don.ehlgbai.org\/wp-content\/uploads\/2024\/10\/EHLG.jpg?id=5790) !important;background-position: center !important;background-repeat: no-repeat !important;background-size: cover !important;}\u00bb][vc_column css=\u00bb.vc_custom_1693817439634{padding-top: 20px !important;padding-right: 20px !important;padding-bottom: 20px !important;padding-left: 20px !important;}\u00bb][vc_single_image image=\u00bb6128&#8243; img_size=\u00bbfull\u00bb alignment=\u00bbcenter\u00bb][\/vc_column][\/vc_row][vc_row content_placement=\u00bbtop\u00bb css=\u00bb.vc_custom_1693835647106{margin-top: 10px !important;}\u00bb][vc_column width=\u00bb1\/4&#8243; css=\u00bb.vc_custom_1693835667207{padding-right: 20px !important;padding-bottom: 20px !important;padding-left: 20px !important;}\u00bb][vc_separator color=\u00bbblack\u00bb align=\u00bbalign_left\u00bb border_width=\u00bb10&#8243; el_width=\u00bb20&#8243;][\/vc_column][vc_column width=\u00bb3\/4&#8243;][vc_column_text] Euskal Herriko Laborantza Ganbara es un actor comprometido para el desarrollo de la agricultura campesina, [&hellip;]<\/p>\n","protected":false},"author":1,"featured_media":0,"parent":0,"menu_order":0,"comment_status":"closed","ping_status":"closed","template":"template-home.php","meta":{"_mi_skip_tracking":false,"_monsterinsights_sitenote_active":false,"_monsterinsights_sitenote_note":"","_monsterinsights_sitenote_category":0},"_links":{"self":[{"href":"https:\/\/don.ehlgbai.org\/es\/wp-json\/wp\/v2\/pages\/5380"}],"collection":[{"href":"https:\/\/don.ehlgbai.org\/es\/wp-json\/wp\/v2\/pages"}],"about":[{"href":"https:\/\/don.ehlgbai.org\/es\/wp-json\/wp\/v2\/types\/page"}],"author":[{"embeddable":true,"href":"https:\/\/don.ehlgbai.org\/es\/wp-json\/wp\/v2\/users\/1"}],"replies":[{"embeddable":true,"href":"https:\/\/don.ehlgbai.org\/es\/wp-json\/wp\/v2\/comments?post=5380"}],"version-history":[{"count":37,"href":"https:\/\/don.ehlgbai.org\/es\/wp-json\/wp\/v2\/pages\/5380\/revisions"}],"predecessor-version":[{"id":6184,"href":"https:\/\/don.ehlgbai.org\/es\/wp-json\/wp\/v2\/pages\/5380\/revisions\/6184"}],"wp:attachment":[{"href":"https:\/\/don.ehlgbai.org\/es\/wp-json\/wp\/v2\/media?parent=5380"}],"curies":[{"name":"wp","href":"https:\/\/api.w.org\/{rel}","templated":true}]}}